{"id":57302,"date":"2020-08-31T12:07:53","date_gmt":"2020-08-31T12:07:53","guid":{"rendered":"https:\/\/bandadegaitas.menos53.es\/?page_id=57302"},"modified":"2020-10-16T11:25:55","modified_gmt":"2020-10-16T11:25:55","slug":"banda","status":"publish","type":"page","link":"https:\/\/www.escoladegaitas.es\/index.php\/banda\/","title":{"rendered":"BANDA"},"content":{"rendered":"<p>[vc_row][vc_column css_animation=\u00bbslideInDown\u00bb][vc_empty_space height=\u00bb40px\u00bb]<div class=\"dt-fancy-separator h2-size accent-title-color\" style=\"width: 100%;\"><div class=\"dt-fancy-title\"><span class=\"separator-holder separator-left\"><\/span>A BANDA DE GAITAS<span class=\"separator-holder separator-right\"><\/span><\/div><\/div>[vc_empty_space height=\u00bb40px\u00bb][\/vc_column][\/vc_row][vc_row full_width=\u00bbstretch_row_content\u00bb][vc_column width=\u00bb1\/2&#8243; css=\u00bb.vc_custom_1598890901183{padding-right: 8% !important;padding-left: 8% !important;}\u00bb][vc_empty_space height=\u00bb15px\u00bb][vc_column_text]<\/p>\n<h2 class=\" nd_options_first_font \" style=\"text-align: center;\"><span style=\"font-size: 24pt; color: #000000;\"><strong>A Banda de Gaitas \u00e9 un dos maiores expo\u00f1entes da nosa fundaci\u00f3n e todo un referente da m\u00fasica tradicional na nosa comunidade.<\/strong><\/span><\/h2>\n<p>[\/vc_column_text][vc_column_text]<\/p>\n<p style=\"text-align: center;\"><span style=\"color: #808080; font-size: 14pt;\">A nosa banda leva dende 2001 actuando por todo o mundo cun repertorio composto de composici\u00f3ns tradicionais e temas propios e internacionais, facendo dos seus concertos unha mixtura de modernidade e tradici\u00f3n multicultural. <\/span><\/p>\n<p style=\"text-align: center;\"><span style=\"color: #808080; font-size: 14pt;\">Se estas interesado en unirte a nosa banda de gaitas, completa o formulario de contacto, non son necesarios co\u00f1ecemento previos, nos formamoste dende cero.<\/span><\/p>\n<p>[\/vc_column_text][vc_single_image image=\u00bb57274&#8243; img_size=\u00bblarge\u00bb alignment=\u00bbcenter\u00bb css_animation=\u00bbfadeIn\u00bb][\/vc_column][vc_column width=\u00bb1\/2&#8243; css=\u00bb.vc_custom_1602847540758{background-image: url(https:\/\/www.escoladegaitas.es\/wp-content\/uploads\/2020\/09\/banda_gaitas-Hispanidad-NY-.jpg?id=57410) !important;background-position: center !important;background-repeat: no-repeat !important;background-size: cover !important;}\u00bb][vc_empty_space height=\u00bb500px\u00bb][\/vc_column][\/vc_row][vc_row][vc_column css_animation=\u00bbslideInDown\u00bb][vc_empty_space height=\u00bb70px\u00bb]<div class=\"dt-fancy-separator h2-size accent-title-color\" style=\"width: 100%;\"><div class=\"dt-fancy-title\"><span class=\"separator-holder separator-left\"><\/span>Traxectoria e historia da Banda de Gaitas<span class=\"separator-holder separator-right\"><\/span><\/div><\/div>[vc_empty_space height=\u00bb40px\u00bb][\/vc_column][\/vc_row][vc_row][vc_column][vc_column_text]<\/p>\n<h3 class=\" nd_options_first_font \" style=\"text-align: center;\"><span style=\"color: #000000; font-size: 18pt;\">A Banda de Gaitas comezou a s\u00faa andaina en 2001 cun repertorio composto de temas tradicionais e composici\u00f3ns propias.<\/span><\/h3>\n<p>[\/vc_column_text][vc_column_text]<\/p>\n<p style=\"text-align: center;\"><span style=\"color: #808080; font-size: 14pt;\">A Banda de Gaitas \u201cProvincia de Pontevedra\u201d comezou a s\u00faa andaina no 2001, seleccionando gaiteiros de varias bandas da provincia, todas elas dirixidas por Hipolito Cabezas, como a Ledicia de Mos, Bene Vivere de Bembrive, Concello de Fornelos de Montes e a Banda de Gaitas San Vicente de Barrants (Tomi\u00f1o).<\/span><\/p>\n<p style=\"text-align: center;\"><span style=\"color: #808080; font-size: 14pt;\">A indumentaria que utiliza \u00e9 un traxe de Gala, cun dese\u00f1o exclusivo para a Banda.<\/span><\/p>\n<p style=\"text-align: center;\"><span style=\"color: #808080; font-size: 14pt;\">O repertorio esta composto de temas tradicionais recollidos en Cancioneiros Galegos como o de Casto Sampedro e Izenga, temas de autores actuais e composici\u00f3ns propias. Tam\u00e9n composici\u00f3ns internacion\u00e1is que enriquecen os concertos con sabores doutras culturas.<\/span><\/p>\n<p>[\/vc_column_text][\/vc_column][\/vc_row][vc_row][vc_column][vc_empty_space height=\u00bb30px\u00bb][vc_separator color=\u00bbcustom\u00bb border_width=\u00bb2&#8243; css_animation=\u00bbfadeInLeft\u00bb accent_color=\u00bb#009cde\u00bb][vc_empty_space height=\u00bb30px\u00bb][\/vc_column][\/vc_row][vc_row][vc_column width=\u00bb2\/3&#8243;][vc_column_text]<span style=\"color: #000000; font-size: 18pt;\"><strong>Podes ser membro da banda cubrindo o formulario:<\/strong><\/span>[\/vc_column_text][\/vc_column][vc_column width=\u00bb1\/3&#8243;]<style type=\"text\/css\" data-type=\"the7_shortcodes-inline-css\">\/*\nNo se puede acceder al sistema de archivos.\n*\/\n<\/style><div class=\"btn-align-center\"><a href=\"https:\/\/bandadegaitas.menos53.es\/index.php\/matriculate\/\" class=\"default-btn-shortcode dt-btn dt-btn-m link-hover-off \" id=\"default-btn-f64d8e1e27f25c7ce8c0380d95aeeaf2\" title=\"MATRIC\u00daLATE\"><span>Matric\u00falate<\/span><\/a><\/div>[\/vc_column][\/vc_row][vc_row][vc_column][vc_empty_space height=\u00bb30px\u00bb][vc_separator color=\u00bbcustom\u00bb border_width=\u00bb2&#8243; css_animation=\u00bbfadeInRight\u00bb accent_color=\u00bb#009cde\u00bb][vc_empty_space height=\u00bb30px\u00bb][\/vc_column][\/vc_row][vc_row][vc_column][vc_column_text]<\/p>\n<h3 class=\" nd_options_first_font \" style=\"text-align: center;\"><span style=\"font-size: 18pt;\">Dende a s\u00faa formaci\u00f3n a Banda act\u00faa en diversos actos como representaci\u00f3n de Espa\u00f1a ou Galicia en eventos internacion\u00e1is como os realizados na Rep\u00fablica Checa, na Volvo Ocean Race ou no d\u00eda da Hispanidade en Nueva York.<\/span><\/h3>\n<p>[\/vc_column_text][vc_column_text]<\/p>\n<div class=\"vc_row wpb_row vc_row-fluid vc_custom_1542209880453\">\n<div class=\"wpb_column vc_column_container vc_col-sm-12\">\n<div class=\"vc_column-inner\">\n<div class=\"wpb_wrapper\">\n<div class=\"wpb_text_column wpb_content_element \">\n<div class=\"wpb_wrapper\">\n<p style=\"text-align: left;\"><span style=\"font-size: 12pt; color: #808080;\">Dende a s\u00faa formaci\u00f3n a Banda est\u00e1 actuando en numerosos actos oficiais da Deputaci\u00f3n de Pontevedra, as\u00ed como de concellos de toda a provincia. Destaca a representaci\u00f3n de Espa\u00f1a no 2002 na Rep\u00fablica Checa, no Campionato de Escolas Navais Militares, acto\u00a0apadri\u00f1ado pola s\u00faa maxestade Juan Carlos I en Mar\u00edn e onde participaron 21 pa\u00edses.<\/span><\/p>\n<p style=\"text-align: left;\"><span style=\"font-size: 12pt; color: #808080;\">Dende o ano 2001 a Banda \u00e9 un dos participantes entre os milleiros do Dia da Mu\u00f1eira en Vigo. Tam\u00e9n\u00a0participa nos actos do Dia de Galicia, Inauguraci\u00f3n das Copas do Mundo de Saltos H\u00edpicos ou na entrega dos galardons \u201cVigueses Distinguidos\u201d entre outros importantes actos na mesma cidade.<\/span><\/p>\n<p style=\"text-align: left;\"><span style=\"font-size: 12pt; color: #808080;\">Dende o 2003 asiste \u00e1 procesi\u00f3n da Virxe Peregrina de Pontevedra, una das mais importantes de toda Galicia, acompa\u00f1ando \u00e1 corporaci\u00f3n provincial.<\/span><\/p>\n<p style=\"text-align: left;\"><span style=\"font-size: 12pt; color: #808080;\">Nese mesmo ano a Banda foi seleccionada para representar a Espa\u00f1a no desfile do Dia da Hispanidade na 5\u00aa Avenida de New York, aproveitando a estancia deu concertos na Casa de Galicia en New York, no Centro Espa\u00f1ol de Newark (New Jersey) e no centro Ourens\u00e1n de New Jersey.<\/span><\/p>\n<p style=\"text-align: left;\"><span style=\"font-size: 12pt; color: #808080;\">No 2004 a Banda inaugura a sede do Patronato de Turismo R\u00edas Baixas en Pontevedra, un concerto onde Carlos N\u00fa\u00f1ez toca dous temas coa Banda.<\/span><\/p>\n<p style=\"text-align: left;\"><span style=\"font-size: 12pt; color: #808080;\">Na Festa do Cocido de Lal\u00edn estivo presente nos actos protocolarios sendo felicitada polo alcalde de Madrid Ruiz Gallard\u00f3n (2005) e por Karlos Argui\u00f1ano no 2006.<\/span><\/p>\n<p style=\"text-align: left;\"><span style=\"font-size: 12pt; color: #808080;\">En 2005 forma parte do espect\u00e1culo \u201cA Festa do Mar\u201d, seguido por m\u00e1is de 20.000 espectadores, un espect\u00e1culo multimedia xunto ao gaiteiro Xos\u00e9 Manuel Budi\u00f1o, con motivo da sa\u00edda da Volvo Ocean Race.<\/span><\/p>\n<\/div>\n<\/div>\n<\/div>\n<\/div>\n<\/div>\n<\/div>\n<div class=\"vc_row wpb_row vc_row-fluid vc_custom_1542209880453\">\n<div class=\"wpb_column vc_column_container vc_col-sm-6\">\n<div class=\"vc_column-inner\">\n<div class=\"wpb_wrapper\"><\/div>\n<\/div>\n<\/div>\n<\/div>\n<p>[\/vc_column_text][\/vc_column][\/vc_row][vc_row][vc_column][vc_empty_space height=\u00bb45px\u00bb][vc_single_image image=\u00bb57413&#8243; img_size=\u00bbfull\u00bb alignment=\u00bbcenter\u00bb style=\u00bbvc_box_shadow_3d\u00bb css_animation=\u00bbfadeIn\u00bb][vc_empty_space height=\u00bb45px\u00bb][\/vc_column][\/vc_row][vc_row][vc_column][vc_column_text]<\/p>\n<h3 class=\" nd_options_first_font \" style=\"text-align: center;\"><strong><span style=\"font-size: 18pt;\">Nos seus concertos, ademais de gaitas, pandereitas e bombo utiliza outros instrumentos coma sintetizador, baixo el\u00e9ctrico, congas, barbuka, chelos e contrabaixo. Actualmente prepara nova Xira de e traballo discogr\u00e1fico.<\/span><\/strong><\/h3>\n<p>[\/vc_column_text][vc_column_text]<\/p>\n<div class=\"vc_row wpb_row vc_row-fluid vc_custom_1542209880453\">\n<div class=\"wpb_column vc_column_container vc_col-sm-12\">\n<div class=\"vc_column-inner\">\n<div class=\"wpb_wrapper\">\n<div class=\"wpb_text_column wpb_content_element \">\n<div class=\"wpb_wrapper\">\n<p style=\"text-align: right;\"><span style=\"color: #808080;\">O 15 de Xullo do 2006 participa na inauguraci\u00f3n do Centro Social Caixanova en Pontevedra, coa presencia da s\u00faas maxestades os reis de Espa\u00f1a, onde o rei D. Juan Carlos, saltouse todo o protocolo, e acercouse \u00f3 director da Banda para felic\u00edtalo e solicitarlle a interpretaci\u00f3n de dous temas m\u00e1is, non previstos na secuencia do acto.<\/span><\/p>\n<p style=\"text-align: right;\"><span style=\"color: #808080;\">No 2006 a Banda repite nun gran espect\u00e1culo no Festival Capodanno Celtico en Milano (Italia) nun multitudinario concerto no Castelo de Sforzesco no pleno centro da cidade xunto a artistas como \u201cFour man and a Dog\u201d e Carlos Nu\u00f1ez.<\/span><\/p>\n<p style=\"text-align: right;\"><span style=\"color: #808080;\">En outubro do 2008 participa no Fest de Santa Lucia (Monterrei- Mexico) cunha gran aceptaci\u00f3n, realizando 7 concerto de mais de 4.000 personas en cada un deles.<\/span><\/p>\n<p style=\"text-align: right;\"><span style=\"color: #808080;\">En decembro do 2010 realiza una xira en Su\u00edza, realizando concertos en centros galegos e teatros.<\/span><\/p>\n<p style=\"text-align: right;\"><span style=\"color: #808080;\">A Banda de Gaitas nos seus concertos, ademais de gaitas en Sib, Redobrantes, pandereitas e bombo, utiliza gaitas en outras tonalidades, sintetizador, baixo el\u00e9ctrico, congas, barbuka, chelos e contrabaixo.<\/span><\/p>\n<p style=\"text-align: right;\"><span style=\"color: #808080;\">Actualmente a Banda est\u00e1 preparada una Xira de Concertos polos Teatros mais importantes de Galicia, e seleccionando temas para o que ser\u00e1 o seu primeiro traballo discogr\u00e1fico.<\/span><\/p>\n<\/div>\n<\/div>\n<\/div>\n<\/div>\n<\/div>\n<\/div>\n<div class=\"vc_row wpb_row vc_row-fluid vc_custom_1542209880453\">\n<div class=\"wpb_column vc_column_container vc_col-sm-6\">\n<div class=\"vc_column-inner\">\n<div class=\"wpb_wrapper\" style=\"text-align: right;\"><\/div>\n<\/div>\n<\/div>\n<\/div>\n<p>[\/vc_column_text][\/vc_column][\/vc_row][vc_row][vc_column]<div id=\"ult-carousel-552176566a088b7208694\" class=\"ult-carousel-wrapper   ult_horizontal\" data-gutter=\"15\" data-rtl=\"false\" ><div class=\"ult-carousel-15408044486a088b72084f1 \" >[vc_single_image image=\u00bb57415&#8243; img_size=\u00bbfull\u00bb alignment=\u00bbcenter\u00bb][vc_single_image image=\u00bb57414&#8243; img_size=\u00bbfull\u00bb alignment=\u00bbcenter\u00bb][vc_single_image image=\u00bb57413&#8243; img_size=\u00bbfull\u00bb alignment=\u00bbcenter\u00bb][vc_single_image image=\u00bb57412&#8243; img_size=\u00bbfull\u00bb alignment=\u00bbcenter\u00bb][vc_single_image image=\u00bb57411&#8243; img_size=\u00bbfull\u00bb alignment=\u00bbcenter\u00bb][vc_single_image image=\u00bb57426&#8243; img_size=\u00bbfull\u00bb alignment=\u00bbcenter\u00bb][vc_single_image image=\u00bb57425&#8243; img_size=\u00bbfull\u00bb alignment=\u00bbcenter\u00bb][vc_single_image image=\u00bb57410&#8243; img_size=\u00bbfull\u00bb alignment=\u00bbcenter\u00bb][vc_single_image image=\u00bb57427&#8243; img_size=\u00bbfull\u00bb alignment=\u00bbcenter\u00bb][vc_single_image image=\u00bb57428&#8243; img_size=\u00bbfull\u00bb alignment=\u00bbcenter\u00bb][vc_single_image image=\u00bb57429&#8243; img_size=\u00bbfull\u00bb alignment=\u00bbcenter\u00bb][vc_single_image image=\u00bb57430&#8243; img_size=\u00bbfull\u00bb alignment=\u00bbcenter\u00bb]<\/div><\/div>\t\t\t<script type=\"text\/javascript\">\n\t\t\t\tjQuery(document).ready(function ($) {\n\t\t\t\t\tif( typeof jQuery('.ult-carousel-15408044486a088b72084f1').slick == \"function\"){\n\t\t\t\t\t\t$('.ult-carousel-15408044486a088b72084f1').slick({dots: true,autoplay: true,autoplaySpeed: 2000,speed: 300,infinite: true,arrows: true,nextArrow: '<button type=\"button\" role=\"button\" aria-label=\"Next\" style=\"color:#009cde; font-size:30px;\" class=\"slick-next default\"><i class=\"ultsl-arrow-right4\"><\/i><\/button>',prevArrow: '<button type=\"button\" role=\"button\" aria-label=\"Previous\" style=\"color:#009cde; font-size:30px;\" class=\"slick-prev default\"><i class=\"ultsl-arrow-left4\"><\/i><\/button>',slidesToScroll:1,slidesToShow:1,swipe: true,draggable: true,touchMove: true,pauseOnHover: true,pauseOnFocus: false,responsive: [\n\t\t\t\t\t\t\t{\n\t\t\t\t\t\t\t  breakpoint: 1026,\n\t\t\t\t\t\t\t  settings: {\n\t\t\t\t\t\t\t\tslidesToShow: 1,\n\t\t\t\t\t\t\t\tslidesToScroll: 1,  \n\t\t\t\t\t\t\t  }\n\t\t\t\t\t\t\t},\n\t\t\t\t\t\t\t{\n\t\t\t\t\t\t\t  breakpoint: 1025,\n\t\t\t\t\t\t\t  settings: {\n\t\t\t\t\t\t\t\tslidesToShow: 3,\n\t\t\t\t\t\t\t\tslidesToScroll: 3\n\t\t\t\t\t\t\t  }\n\t\t\t\t\t\t\t},\n\t\t\t\t\t\t\t{\n\t\t\t\t\t\t\t  breakpoint: 760,\n\t\t\t\t\t\t\t  settings: {\n\t\t\t\t\t\t\t\tslidesToShow: 2,\n\t\t\t\t\t\t\t\tslidesToScroll: 2\n\t\t\t\t\t\t\t  }\n\t\t\t\t\t\t\t}\n\t\t\t\t\t\t],pauseOnDotsHover: true,customPaging: function(slider, i) {\n                   return '<i type=\"button\" style= \"color:#009cde;\" class=\"ultsl-radio-checked\" data-role=\"none\"><\/i>';\n                },});\n\t\t\t\t\t}\n\t\t\t\t});\n\t\t\t<\/script>\n\t\t\t[\/vc_column][\/vc_row]<\/p>\n","protected":false},"excerpt":{"rendered":"<p>[vc_row][vc_column css_animation=\u00bbslideInDown\u00bb][vc_empty_space height=\u00bb40px\u00bb][vc_empty_space height=\u00bb40px\u00bb][\/vc_column][\/vc_row][vc_row full_width=\u00bbstretch_row_content\u00bb][vc_column width=\u00bb1\/2&#8243; css=\u00bb.vc_custom_1598890901183{padding-right: 8% !important;padding-left: 8% !important;}\u00bb][vc_empty_space height=\u00bb15px\u00bb][vc_column_text] A Banda de Gaitas \u00e9 un dos maiores expo\u00f1entes da nosa fundaci\u00f3n e todo un referente da m\u00fasica tradicional na nosa comunidade. [\/vc_column_text][vc_column_text] A nosa banda leva dende 2001 actuando por todo o mundo cun repertorio composto de composici\u00f3ns tradicionais e temas propios&hellip;<\/p>\n","protected":false},"author":2,"featured_media":0,"parent":0,"menu_order":0,"comment_status":"closed","ping_status":"closed","template":"","meta":[],"class_list":["post-57302","page","type-page","status-publish","hentry","description-off"],"yoast_head":"<!-- This site is optimized with the Yoast SEO plugin v17.1 - https:\/\/yoast.com\/wordpress\/plugins\/seo\/ -->\n<title>BANDA - Escola de Gaitas e Percusi\u00f3n da Provincia de Pontevedra<\/title>\n<meta name=\"robots\" content=\"index, follow, max-snippet:-1, max-image-preview:large, max-video-preview:-1\" \/>\n<link rel=\"canonical\" href=\"https:\/\/www.escoladegaitas.es\/index.php\/banda\/\" \/>\n<meta property=\"og:locale\" content=\"es_ES\" \/>\n<meta property=\"og:type\" content=\"article\" \/>\n<meta property=\"og:title\" content=\"BANDA - Escola de Gaitas e Percusi\u00f3n da Provincia de Pontevedra\" \/>\n<meta property=\"og:description\" content=\"[vc_row][vc_column css_animation=\u00bbslideInDown\u00bb][vc_empty_space height=\u00bb40px\u00bb][vc_empty_space height=\u00bb40px\u00bb][\/vc_column][\/vc_row][vc_row full_width=\u00bbstretch_row_content\u00bb][vc_column width=\u00bb1\/2&#8243; css=\u00bb.vc_custom_1598890901183{padding-right: 8% !important;padding-left: 8% !important;}\u00bb][vc_empty_space height=\u00bb15px\u00bb][vc_column_text] A Banda de Gaitas \u00e9 un dos maiores expo\u00f1entes da nosa fundaci\u00f3n e todo un referente da m\u00fasica tradicional na nosa comunidade. [\/vc_column_text][vc_column_text] A nosa banda leva dende 2001 actuando por todo o mundo cun repertorio composto de composici\u00f3ns tradicionais e temas propios&hellip;\" \/>\n<meta property=\"og:url\" content=\"https:\/\/www.escoladegaitas.es\/index.php\/banda\/\" \/>\n<meta property=\"og:site_name\" content=\"Escola de Gaitas e Percusi\u00f3n da Provincia de Pontevedra\" \/>\n<meta property=\"article:modified_time\" content=\"2020-10-16T11:25:55+00:00\" \/>\n<meta name=\"twitter:card\" content=\"summary_large_image\" \/>\n<meta name=\"twitter:label1\" content=\"Tiempo de lectura\" \/>\n\t<meta name=\"twitter:data1\" content=\"6 minutos\" \/>\n<script type=\"application\/ld+json\" class=\"yoast-schema-graph\">{\"@context\":\"https:\/\/schema.org\",\"@graph\":[{\"@type\":\"WebSite\",\"@id\":\"https:\/\/www.escoladegaitas.es\/#website\",\"url\":\"https:\/\/www.escoladegaitas.es\/\",\"name\":\"Escola de Gaitas e Percusi\\u00f3n da Provincia de Pontevedra\",\"description\":\"\",\"potentialAction\":[{\"@type\":\"SearchAction\",\"target\":{\"@type\":\"EntryPoint\",\"urlTemplate\":\"https:\/\/www.escoladegaitas.es\/?s={search_term_string}\"},\"query-input\":\"required name=search_term_string\"}],\"inLanguage\":\"es\"},{\"@type\":\"WebPage\",\"@id\":\"https:\/\/www.escoladegaitas.es\/index.php\/banda\/#webpage\",\"url\":\"https:\/\/www.escoladegaitas.es\/index.php\/banda\/\",\"name\":\"BANDA - Escola de Gaitas e Percusi\\u00f3n da Provincia de Pontevedra\",\"isPartOf\":{\"@id\":\"https:\/\/www.escoladegaitas.es\/#website\"},\"datePublished\":\"2020-08-31T12:07:53+00:00\",\"dateModified\":\"2020-10-16T11:25:55+00:00\",\"breadcrumb\":{\"@id\":\"https:\/\/www.escoladegaitas.es\/index.php\/banda\/#breadcrumb\"},\"inLanguage\":\"es\",\"potentialAction\":[{\"@type\":\"ReadAction\",\"target\":[\"https:\/\/www.escoladegaitas.es\/index.php\/banda\/\"]}]},{\"@type\":\"BreadcrumbList\",\"@id\":\"https:\/\/www.escoladegaitas.es\/index.php\/banda\/#breadcrumb\",\"itemListElement\":[{\"@type\":\"ListItem\",\"position\":1,\"name\":\"Home\",\"item\":\"https:\/\/www.escoladegaitas.es\/\"},{\"@type\":\"ListItem\",\"position\":2,\"name\":\"BANDA\"}]}]}<\/script>\n<!-- \/ Yoast SEO plugin. -->","yoast_head_json":{"title":"BANDA - Escola de Gaitas e Percusi\u00f3n da Provincia de Pontevedra","robots":{"index":"index","follow":"follow","max-snippet":"max-snippet:-1","max-image-preview":"max-image-preview:large","max-video-preview":"max-video-preview:-1"},"canonical":"https:\/\/www.escoladegaitas.es\/index.php\/banda\/","og_locale":"es_ES","og_type":"article","og_title":"BANDA - Escola de Gaitas e Percusi\u00f3n da Provincia de Pontevedra","og_description":"[vc_row][vc_column css_animation=\u00bbslideInDown\u00bb][vc_empty_space height=\u00bb40px\u00bb][vc_empty_space height=\u00bb40px\u00bb][\/vc_column][\/vc_row][vc_row full_width=\u00bbstretch_row_content\u00bb][vc_column width=\u00bb1\/2&#8243; css=\u00bb.vc_custom_1598890901183{padding-right: 8% !important;padding-left: 8% !important;}\u00bb][vc_empty_space height=\u00bb15px\u00bb][vc_column_text] A Banda de Gaitas \u00e9 un dos maiores expo\u00f1entes da nosa fundaci\u00f3n e todo un referente da m\u00fasica tradicional na nosa comunidade. [\/vc_column_text][vc_column_text] A nosa banda leva dende 2001 actuando por todo o mundo cun repertorio composto de composici\u00f3ns tradicionais e temas propios&hellip;","og_url":"https:\/\/www.escoladegaitas.es\/index.php\/banda\/","og_site_name":"Escola de Gaitas e Percusi\u00f3n da Provincia de Pontevedra","article_modified_time":"2020-10-16T11:25:55+00:00","twitter_card":"summary_large_image","twitter_misc":{"Tiempo de lectura":"6 minutos"},"schema":{"@context":"https:\/\/schema.org","@graph":[{"@type":"WebSite","@id":"https:\/\/www.escoladegaitas.es\/#website","url":"https:\/\/www.escoladegaitas.es\/","name":"Escola de Gaitas e Percusi\u00f3n da Provincia de Pontevedra","description":"","potentialAction":[{"@type":"SearchAction","target":{"@type":"EntryPoint","urlTemplate":"https:\/\/www.escoladegaitas.es\/?s={search_term_string}"},"query-input":"required name=search_term_string"}],"inLanguage":"es"},{"@type":"WebPage","@id":"https:\/\/www.escoladegaitas.es\/index.php\/banda\/#webpage","url":"https:\/\/www.escoladegaitas.es\/index.php\/banda\/","name":"BANDA - Escola de Gaitas e Percusi\u00f3n da Provincia de Pontevedra","isPartOf":{"@id":"https:\/\/www.escoladegaitas.es\/#website"},"datePublished":"2020-08-31T12:07:53+00:00","dateModified":"2020-10-16T11:25:55+00:00","breadcrumb":{"@id":"https:\/\/www.escoladegaitas.es\/index.php\/banda\/#breadcrumb"},"inLanguage":"es","potentialAction":[{"@type":"ReadAction","target":["https:\/\/www.escoladegaitas.es\/index.php\/banda\/"]}]},{"@type":"BreadcrumbList","@id":"https:\/\/www.escoladegaitas.es\/index.php\/banda\/#breadcrumb","itemListElement":[{"@type":"ListItem","position":1,"name":"Home","item":"https:\/\/www.escoladegaitas.es\/"},{"@type":"ListItem","position":2,"name":"BANDA"}]}]}},"_links":{"self":[{"href":"https:\/\/www.escoladegaitas.es\/index.php\/wp-json\/wp\/v2\/pages\/57302","targetHints":{"allow":["GET"]}}],"collection":[{"href":"https:\/\/www.escoladegaitas.es\/index.php\/wp-json\/wp\/v2\/pages"}],"about":[{"href":"https:\/\/www.escoladegaitas.es\/index.php\/wp-json\/wp\/v2\/types\/page"}],"author":[{"embeddable":true,"href":"https:\/\/www.escoladegaitas.es\/index.php\/wp-json\/wp\/v2\/users\/2"}],"replies":[{"embeddable":true,"href":"https:\/\/www.escoladegaitas.es\/index.php\/wp-json\/wp\/v2\/comments?post=57302"}],"version-history":[{"count":10,"href":"https:\/\/www.escoladegaitas.es\/index.php\/wp-json\/wp\/v2\/pages\/57302\/revisions"}],"predecessor-version":[{"id":57767,"href":"https:\/\/www.escoladegaitas.es\/index.php\/wp-json\/wp\/v2\/pages\/57302\/revisions\/57767"}],"wp:attachment":[{"href":"https:\/\/www.escoladegaitas.es\/index.php\/wp-json\/wp\/v2\/media?parent=57302"}],"curies":[{"name":"wp","href":"https:\/\/api.w.org\/{rel}","templated":true}]}}