{"id":57711,"date":"2020-09-08T13:46:49","date_gmt":"2020-09-08T13:46:49","guid":{"rendered":"https:\/\/www.escoladegaitas.es\/?page_id=57711"},"modified":"2020-09-08T13:52:04","modified_gmt":"2020-09-08T13:52:04","slug":"ley-de-cookies","status":"publish","type":"page","link":"https:\/\/www.escoladegaitas.es\/index.php\/ley-de-cookies\/","title":{"rendered":"Ley de cookies"},"content":{"rendered":"<p>[vc_row][vc_column][vc_column_text]<\/p>\n<h1 style=\"text-align: center;\">Pol\u00edtica de cookies<\/h1>\n<p>Unha cookie \u00e9 un pequeno ficheiro de texto que se almacena no seu navegador cando visita case calquera p\u00e1xina web. A s\u00faa utilidade \u00e9 que a web sexa capaz de lembrar a s\u00faa visita cando volva navegar por esa p\u00e1xina. As cookies adoitan almacenar informaci\u00f3n de car\u00e1cter t\u00e9cnico, preferencias persoais, personalizaci\u00f3n de contidos, estat\u00edsticas de uso, ligaz\u00f3ns a redes sociais, acceso a contas de usuario, etc. O obxectivo da cookie \u00e9 adaptar o contido da web ao seu perfil e necesidades, sen cookies os servizos ofrecidos por calquera p\u00e1xina ver\u00edanse minguados notablemente. Se desexa consultar m\u00e1is informaci\u00f3n sobre que son as cookies, que almacenan, como eliminalas, desactivalas, etc., rog\u00e1moslle mande mensaxe ao noso enderezo electr\u00f3nico no apartado de <a href=\"https:\/\/www.escoladegaitas.es\/index.php\/contacto\/\">contacto<\/a><\/p>\n<h2>Cookies utilizadas neste sitio web<\/h2>\n<p>Seguindo as directrices da Axencia Espa\u00f1ola de Protecci\u00f3n de Datos procedemos a detallar o uso de cookies que fai esta web co fin de informarlle coa m\u00e1xima exactitude posible.<\/p>\n<p>Este sitio web utiliza as seguintes cookies propias:<\/p>\n<p>Cookies de sesi\u00f3n, para garantir que os usuarios que escriban comentarios no blogue sexan humanos e non aplicaci\u00f3ns automatizadas. Desta forma comb\u00e1tese o spam.<\/p>\n<h3>Este sitio web utiliza as seguintes cookies de terceiros:<\/h3>\n<p>Google Analytics: Almacena cookies para poder elaborar estat\u00edsticas sobre o tr\u00e1fico e volume de visitas desta web. Ao utilizar este sitio web est\u00e1 a consentir o tratamento de informaci\u00f3n acerca de vostede por Google. Por tanto, o exercicio de calquera dereito neste sentido deber\u00e1 facelo comunicando directamente con Google.<br \/>\nRedes sociais: Cada rede social utiliza as s\u00faas propias cookies para que vostede poida picar en bot\u00f3ns do tipo G\u00fastame ou Compartir.<br \/>\nDesactivaci\u00f3n ou eliminaci\u00f3n de cookies<\/p>\n<p>En calquera momento poder\u00e1 exercer o seu dereito de desactivaci\u00f3n ou eliminaci\u00f3n de cookies deste sitio web. Estas acci\u00f3ns real\u00edzanse de forma diferente en funci\u00f3n do navegador que estea a usar. Aqu\u00ed deix\u00e1moslle unha gu\u00eda r\u00e1pida para os navegadores m\u00e1is populares.<\/p>\n<p>Notas adicionais<br \/>\nNin esta web nin os seus representantes legais fanse responsables nin do contido nin da veracidade das pol\u00edticas de privacidade que poidan ter os terceiros mencionados nesta pol\u00edtica de cookies.<br \/>\nA navegadores web son as ferramentas encargadas de almacenar as cookies e desde este lugar debe efectuar o seu dereito a eliminaci\u00f3n ou desactivaci\u00f3n das mesmas. Nin esta web nin os seus representantes legais poden garantir a correcta ou incorrecta manipulaci\u00f3n das cookies por parte dos mencionados navegadores.<br \/>\nNalg\u00fans casos \u00e9 necesario instalar cookies para que o navegador non esqueza a s\u00faa decisi\u00f3n de non aceptaci\u00f3n das mesmas.<br \/>\nNo caso das cookies de Google Analytics, esta empresa almacena as cookies en servidores situados en Estados Unidos e comprom\u00e9tese a non compartila con terceiros, excepto nos casos nos que sexa necesario para o funcionamento do sistema ou cando a lei obrigue para ese efecto. Segundo Google non garda a s\u00faa direcci\u00f3n IP. Google Inc. \u00e9 unha compa\u00f1\u00eda adherida ao Acordo de Porto Seguro que garante que todos os datos transferidos ser\u00e1n tratados cun nivel de protecci\u00f3n acorde \u00e1 normativa europea. Pode consultar informaci\u00f3n detallada a este respecto nesta ligaz\u00f3n. Se desexa informaci\u00f3n sobre o uso que Google d\u00e1 \u00e1s cookies acheg\u00e1moslle leste outra ligaz\u00f3n.<br \/>\nPara calquera d\u00fabida ou consulta acerca desta pol\u00edtica de cookies non dubide en comunicarse connosco a trav\u00e9s da secci\u00f3n de contacto.<\/p>\n<p>[\/vc_column_text][\/vc_column][\/vc_row]<\/p>\n","protected":false},"excerpt":{"rendered":"<p>[vc_row][vc_column][vc_column_text] Pol\u00edtica de cookies Unha cookie \u00e9 un pequeno ficheiro de texto que se almacena no seu navegador cando visita case calquera p\u00e1xina web. A s\u00faa utilidade \u00e9 que a web sexa capaz de lembrar a s\u00faa visita cando volva navegar por esa p\u00e1xina. As cookies adoitan almacenar informaci\u00f3n de car\u00e1cter t\u00e9cnico, preferencias persoais, personalizaci\u00f3n&hellip;<\/p>\n","protected":false},"author":1,"featured_media":0,"parent":0,"menu_order":0,"comment_status":"closed","ping_status":"closed","template":"","meta":[],"class_list":["post-57711","page","type-page","status-publish","hentry","description-off"],"yoast_head":"<!-- This site is optimized with the Yoast SEO plugin v17.1 - https:\/\/yoast.com\/wordpress\/plugins\/seo\/ -->\n<title>Ley de cookies - Escola de Gaitas e Percusi\u00f3n da Provincia de Pontevedra<\/title>\n<meta name=\"robots\" content=\"index, follow, max-snippet:-1, max-image-preview:large, max-video-preview:-1\" \/>\n<link rel=\"canonical\" href=\"https:\/\/www.escoladegaitas.es\/index.php\/ley-de-cookies\/\" \/>\n<meta property=\"og:locale\" content=\"es_ES\" \/>\n<meta property=\"og:type\" content=\"article\" \/>\n<meta property=\"og:title\" content=\"Ley de cookies - Escola de Gaitas e Percusi\u00f3n da Provincia de Pontevedra\" \/>\n<meta property=\"og:description\" content=\"[vc_row][vc_column][vc_column_text] Pol\u00edtica de cookies Unha cookie \u00e9 un pequeno ficheiro de texto que se almacena no seu navegador cando visita case calquera p\u00e1xina web. A s\u00faa utilidade \u00e9 que a web sexa capaz de lembrar a s\u00faa visita cando volva navegar por esa p\u00e1xina. As cookies adoitan almacenar informaci\u00f3n de car\u00e1cter t\u00e9cnico, preferencias persoais, personalizaci\u00f3n&hellip;\" \/>\n<meta property=\"og:url\" content=\"https:\/\/www.escoladegaitas.es\/index.php\/ley-de-cookies\/\" \/>\n<meta property=\"og:site_name\" content=\"Escola de Gaitas e Percusi\u00f3n da Provincia de Pontevedra\" \/>\n<meta property=\"article:modified_time\" content=\"2020-09-08T13:52:04+00:00\" \/>\n<meta name=\"twitter:card\" content=\"summary_large_image\" \/>\n<meta name=\"twitter:label1\" content=\"Tiempo de lectura\" \/>\n\t<meta name=\"twitter:data1\" content=\"3 minutos\" \/>\n<script type=\"application\/ld+json\" class=\"yoast-schema-graph\">{\"@context\":\"https:\/\/schema.org\",\"@graph\":[{\"@type\":\"WebSite\",\"@id\":\"https:\/\/www.escoladegaitas.es\/#website\",\"url\":\"https:\/\/www.escoladegaitas.es\/\",\"name\":\"Escola de Gaitas e Percusi\\u00f3n da Provincia de Pontevedra\",\"description\":\"\",\"potentialAction\":[{\"@type\":\"SearchAction\",\"target\":{\"@type\":\"EntryPoint\",\"urlTemplate\":\"https:\/\/www.escoladegaitas.es\/?s={search_term_string}\"},\"query-input\":\"required name=search_term_string\"}],\"inLanguage\":\"es\"},{\"@type\":\"WebPage\",\"@id\":\"https:\/\/www.escoladegaitas.es\/index.php\/ley-de-cookies\/#webpage\",\"url\":\"https:\/\/www.escoladegaitas.es\/index.php\/ley-de-cookies\/\",\"name\":\"Ley de cookies - Escola de Gaitas e Percusi\\u00f3n da Provincia de Pontevedra\",\"isPartOf\":{\"@id\":\"https:\/\/www.escoladegaitas.es\/#website\"},\"datePublished\":\"2020-09-08T13:46:49+00:00\",\"dateModified\":\"2020-09-08T13:52:04+00:00\",\"breadcrumb\":{\"@id\":\"https:\/\/www.escoladegaitas.es\/index.php\/ley-de-cookies\/#breadcrumb\"},\"inLanguage\":\"es\",\"potentialAction\":[{\"@type\":\"ReadAction\",\"target\":[\"https:\/\/www.escoladegaitas.es\/index.php\/ley-de-cookies\/\"]}]},{\"@type\":\"BreadcrumbList\",\"@id\":\"https:\/\/www.escoladegaitas.es\/index.php\/ley-de-cookies\/#breadcrumb\",\"itemListElement\":[{\"@type\":\"ListItem\",\"position\":1,\"name\":\"Home\",\"item\":\"https:\/\/www.escoladegaitas.es\/\"},{\"@type\":\"ListItem\",\"position\":2,\"name\":\"Ley de cookies\"}]}]}<\/script>\n<!-- \/ Yoast SEO plugin. -->","yoast_head_json":{"title":"Ley de cookies - Escola de Gaitas e Percusi\u00f3n da Provincia de Pontevedra","robots":{"index":"index","follow":"follow","max-snippet":"max-snippet:-1","max-image-preview":"max-image-preview:large","max-video-preview":"max-video-preview:-1"},"canonical":"https:\/\/www.escoladegaitas.es\/index.php\/ley-de-cookies\/","og_locale":"es_ES","og_type":"article","og_title":"Ley de cookies - Escola de Gaitas e Percusi\u00f3n da Provincia de Pontevedra","og_description":"[vc_row][vc_column][vc_column_text] Pol\u00edtica de cookies Unha cookie \u00e9 un pequeno ficheiro de texto que se almacena no seu navegador cando visita case calquera p\u00e1xina web. A s\u00faa utilidade \u00e9 que a web sexa capaz de lembrar a s\u00faa visita cando volva navegar por esa p\u00e1xina. As cookies adoitan almacenar informaci\u00f3n de car\u00e1cter t\u00e9cnico, preferencias persoais, personalizaci\u00f3n&hellip;","og_url":"https:\/\/www.escoladegaitas.es\/index.php\/ley-de-cookies\/","og_site_name":"Escola de Gaitas e Percusi\u00f3n da Provincia de Pontevedra","article_modified_time":"2020-09-08T13:52:04+00:00","twitter_card":"summary_large_image","twitter_misc":{"Tiempo de lectura":"3 minutos"},"schema":{"@context":"https:\/\/schema.org","@graph":[{"@type":"WebSite","@id":"https:\/\/www.escoladegaitas.es\/#website","url":"https:\/\/www.escoladegaitas.es\/","name":"Escola de Gaitas e Percusi\u00f3n da Provincia de Pontevedra","description":"","potentialAction":[{"@type":"SearchAction","target":{"@type":"EntryPoint","urlTemplate":"https:\/\/www.escoladegaitas.es\/?s={search_term_string}"},"query-input":"required name=search_term_string"}],"inLanguage":"es"},{"@type":"WebPage","@id":"https:\/\/www.escoladegaitas.es\/index.php\/ley-de-cookies\/#webpage","url":"https:\/\/www.escoladegaitas.es\/index.php\/ley-de-cookies\/","name":"Ley de cookies - Escola de Gaitas e Percusi\u00f3n da Provincia de Pontevedra","isPartOf":{"@id":"https:\/\/www.escoladegaitas.es\/#website"},"datePublished":"2020-09-08T13:46:49+00:00","dateModified":"2020-09-08T13:52:04+00:00","breadcrumb":{"@id":"https:\/\/www.escoladegaitas.es\/index.php\/ley-de-cookies\/#breadcrumb"},"inLanguage":"es","potentialAction":[{"@type":"ReadAction","target":["https:\/\/www.escoladegaitas.es\/index.php\/ley-de-cookies\/"]}]},{"@type":"BreadcrumbList","@id":"https:\/\/www.escoladegaitas.es\/index.php\/ley-de-cookies\/#breadcrumb","itemListElement":[{"@type":"ListItem","position":1,"name":"Home","item":"https:\/\/www.escoladegaitas.es\/"},{"@type":"ListItem","position":2,"name":"Ley de cookies"}]}]}},"_links":{"self":[{"href":"https:\/\/www.escoladegaitas.es\/index.php\/wp-json\/wp\/v2\/pages\/57711","targetHints":{"allow":["GET"]}}],"collection":[{"href":"https:\/\/www.escoladegaitas.es\/index.php\/wp-json\/wp\/v2\/pages"}],"about":[{"href":"https:\/\/www.escoladegaitas.es\/index.php\/wp-json\/wp\/v2\/types\/page"}],"author":[{"embeddable":true,"href":"https:\/\/www.escoladegaitas.es\/index.php\/wp-json\/wp\/v2\/users\/1"}],"replies":[{"embeddable":true,"href":"https:\/\/www.escoladegaitas.es\/index.php\/wp-json\/wp\/v2\/comments?post=57711"}],"version-history":[{"count":1,"href":"https:\/\/www.escoladegaitas.es\/index.php\/wp-json\/wp\/v2\/pages\/57711\/revisions"}],"predecessor-version":[{"id":57712,"href":"https:\/\/www.escoladegaitas.es\/index.php\/wp-json\/wp\/v2\/pages\/57711\/revisions\/57712"}],"wp:attachment":[{"href":"https:\/\/www.escoladegaitas.es\/index.php\/wp-json\/wp\/v2\/media?parent=57711"}],"curies":[{"name":"wp","href":"https:\/\/api.w.org\/{rel}","templated":true}]}}